{"id":2565,"date":"2021-09-06T11:54:26","date_gmt":"2021-09-06T11:54:26","guid":{"rendered":"https:\/\/infopoints.com\/pie-de-imprenta\/"},"modified":"2024-07-15T08:35:56","modified_gmt":"2024-07-15T08:35:56","slug":"pie-de-imprenta","status":"publish","type":"page","link":"https:\/\/infopoints.com\/es\/pie-de-imprenta\/","title":{"rendered":"Pie de imprenta"},"content":{"rendered":"<p><section id=\"bt_bb_section69de608f4fd4f\"  class=\"bt_bb_section bt_bb_layout_wide bt_bb_full_screen bt_bb_vertical_align_top bt_bb_background_image bt_bb_background_overlay_dark_gradient bt_bb_top_spacing_large bt_bb_bottom_spacing_large\" style=\"background-image:url(&#039;https:\/\/infopoints.com\/wp-content\/uploads\/2021\/09\/impressum.jpg&#039;);\"    data-bt-override-class=\"null\"><div class=\"bt_bb_port\"><div class=\"bt_bb_cell\"><div class=\"bt_bb_cell_inner\"><div class=\"bt_bb_row  bt_bb_column_gap_20\" style=\"; --column-gap:20px;\" data-bt-override-class=\"{}\"><div class=\"bt_bb_row_holder\" style=\"; 0\"><div  class=\"bt_bb_column col-xxl-12 col-xl-12 col-xs-12 col-sm-12 col-md-12 col-lg-12 bt_bb_vertical_align_middle bt_bb_align_center bt_bb_padding_normal bt_bb_animation_fade_in zoom_in animate\" style=\"; --column-width:12;\" data-width=\"12\" data-bt-override-class=\"{&quot;bt_bb_align_&quot;:{&quot;current_class&quot;:&quot;bt_bb_align_center&quot;,&quot;def&quot;:&quot;center&quot;,&quot;xl&quot;:&quot;center&quot;}}\"><div class=\"bt_bb_column_content\"><div class=\"bt_bb_column_content_inner\"><div class=\"bt_bb_separator bt_bb_border_style_none bt_bb_top_spacing_medium bt_bb_bottom_spacing_normal\" data-bt-override-class=\"null\"><\/div><header class=\"bt_bb_headline bt_bb_color_scheme_1 bt_bb_dash_top bt_bb_superheadline bt_bb_subheadline bt_bb_size_extralarge bt_bb_align_inherit bt_bb_animation_fade_in zoom_in animate\" style=\"text-shadow: 3px 3px 10px #000000;; --primary-color:#ffffff; --secondary-color:#181818;\" data-bt-override-class=\"{&quot;bt_bb_size_&quot;:{&quot;current_class&quot;:&quot;bt_bb_size_extralarge&quot;,&quot;def&quot;:&quot;extralarge&quot;,&quot;xl&quot;:&quot;extralarge&quot;},&quot;bt_bb_align_&quot;:{&quot;current_class&quot;:&quot;bt_bb_align_inherit&quot;,&quot;def&quot;:&quot;inherit&quot;,&quot;xl&quot;:&quot;inherit&quot;}}\"><h1 class=\"bt_bb_headline_tag\"><span class=\"bt_bb_headline_superheadline\">Tourismus Interaktiv &amp; Turismo Interactivo<\/span><span class=\"bt_bb_headline_content\"><span>Pie de imprenta<\/span><\/span><\/h1><div class=\"bt_bb_headline_subheadline\">En casa en las monta\u00f1as tirolesas, en casa en el mundo<\/div><\/header><div class=\"bt_bb_separator bt_bb_border_style_none bt_bb_top_spacing_normal bt_bb_bottom_spacing_normal\" data-bt-override-class=\"null\"><\/div><\/div><\/div><\/div><\/div><\/div><\/div><\/div><\/div><\/section><section id=\"bt_bb_section69de608f5041f\"  class=\"bt_bb_section bt_bb_layout_boxed_1600 bt_bb_vertical_align_top bt_bb_top_spacing_normal bt_bb_bottom_spacing_normal\"     data-bt-override-class=\"null\"><div class=\"bt_bb_port\"><div class=\"bt_bb_cell\"><div class=\"bt_bb_cell_inner\"><div class=\"bt_bb_row \"  data-bt-override-class=\"{}\"><div class=\"bt_bb_row_holder\" style=\"; 0\"><div  class=\"bt_bb_column col-xxl-4 col-xl-4 col-xs-12 col-sm-12 col-md-12 col-lg-4 bt_bb_vertical_align_top bt_bb_align_left bt_bb_padding_normal\" style=\"; --column-width:4;\" data-width=\"4\" data-bt-override-class=\"{}\"><div class=\"bt_bb_column_content\"><div class=\"bt_bb_column_content_inner\"><div  class=\"bt_bb_text\" ><\/p>\n<div class=\"eltdf-title eltdf-standard-type eltdf-has-background eltdf-content-center-alignment eltdf-title-image-not-responsive eltdf-title-custom-font-style\" data-height=\"780\" data-background-width=\"\"1920\"\">\n<div class=\"eltdf-title-holder\">\n<div class=\"eltdf-container clearfix\">\n<div class=\"eltdf-container-inner\">\n<div class=\"eltdf-title-subtitle-holder\">\n<h4 class=\"eltdf-title-text entry-title\">direcci\u00f3n<\/h4>\n<\/div>\n<\/div>\n<\/div>\n<\/div>\n<\/div>\n<div class=\"eltdf-full-width\">\n<div class=\"eltdf-full-width-inner\">\n<div class=\"eltdf-row-grid-section\">\n<div class=\"vc_row wpb_row vc_row-fluid eltdf-row-type-row\">\n<div class=\"wpb_column vc_column_container vc_col-sm-4\">\n<div class=\"vc_column-inner \">\n<div class=\"wpb_wrapper\">\n<div class=\"wpb_text_column wpb_content_element \">\n<div class=\"wpb_wrapper\">\n<p>Tourismus Interaktiv AG<br \/>\nKaiserbergstrasse 27<br \/>\nA-6330 Kufstein<br \/>\nAUSTRIA<\/p>\n<\/div>\n<\/div>\n<\/div>\n<\/div>\n<\/div>\n<\/div>\n<\/div>\n<\/div>\n<\/div>\n<p>\n<\/div><\/div><\/div><\/div><div  class=\"bt_bb_column col-xxl-4 col-xl-4 col-xs-12 col-sm-12 col-md-12 col-lg-4 bt_bb_vertical_align_top bt_bb_align_left bt_bb_padding_normal\" style=\"; --column-width:4;\" data-width=\"4\" data-bt-override-class=\"{}\"><div class=\"bt_bb_column_content\"><div class=\"bt_bb_column_content_inner\"><div  class=\"bt_bb_text\" ><\/p>\n<div class=\"eltdf-title eltdf-standard-type eltdf-has-background eltdf-content-center-alignment eltdf-title-image-not-responsive eltdf-title-custom-font-style\" data-height=\"780\" data-background-width=\"\"1920\"\">\n<div class=\"eltdf-title-holder\">\n<div class=\"eltdf-container clearfix\">\n<div class=\"eltdf-container-inner\">\n<div class=\"eltdf-title-subtitle-holder\">\n<div class=\"eltdf-title eltdf-standard-type eltdf-has-background eltdf-content-center-alignment eltdf-title-image-not-responsive eltdf-title-custom-font-style\" data-height=\"780\" data-background-width=\"\"1920\"\">\n<div class=\"eltdf-title-holder\">\n<div class=\"eltdf-container clearfix\">\n<div class=\"eltdf-container-inner\">\n<div class=\"eltdf-title-subtitle-holder\">\n<div class=\"eltdf-title eltdf-standard-type eltdf-has-background eltdf-content-center-alignment eltdf-title-image-not-responsive eltdf-title-custom-font-style\" data-height=\"780\" data-background-width=\"\"1920\"\">\n<div class=\"eltdf-title-holder\">\n<div class=\"eltdf-container clearfix\">\n<div class=\"eltdf-container-inner\">\n<div class=\"eltdf-title-subtitle-holder\">\n<h4>General<\/h4>\n<p>Director General: Christoph Standl<br \/>\nN\u00famero de registro mercantil: FN 422928d, LG Innsbruck<br \/>\nN\u00ba UID ATU69046347<\/p>\n<p><a class=\"cool-link\" href=\"https:\/\/tourismus-interaktiv.com\/wp-content\/uploads\/2019\/03\/tourismus-interaktiv-agb-2019.pdf\">Condiciones generales<\/a><\/p>\n<p>Deber de informar seg\u00fan la ley ECG y de medios de comunicaci\u00f3n:<br \/>\n<a class=\"cool-link\" href=\"https:\/\/firmen.wko.at\/Web\/DetailsKontakt.aspx?FirmaID=053f6ac7-5781-41a6-9cdd-9aa522473a23\">Enlace a la C\u00e1mara Econ\u00f3mica Federal de Austria<\/a><\/p>\n<p>Entrada en FirmenABC:<br \/>\n<a href=\"https:\/\/www.firmenabc.at\/tourismus-interaktiv-gmbh_KVDG\">Enlace a la entrada de TI en FirmenABC<\/a><\/p>\n<\/div>\n<\/div>\n<\/div>\n<\/div>\n<\/div>\n<\/div>\n<\/div>\n<\/div>\n<\/div>\n<\/div>\n<\/div>\n<\/div>\n<\/div>\n<\/div>\n<\/div>\n<p>\n<\/div><\/div><\/div><\/div><div  class=\"bt_bb_column col-xxl-4 col-xl-4 col-xs-12 col-sm-12 col-md-12 col-lg-4 bt_bb_vertical_align_top bt_bb_align_left bt_bb_padding_normal\" style=\"; --column-width:4;\" data-width=\"4\" data-bt-override-class=\"{}\"><div class=\"bt_bb_column_content\"><div class=\"bt_bb_column_content_inner\"><div  class=\"bt_bb_text\" ><\/p>\n<div class=\"eltdf-title eltdf-standard-type eltdf-has-background eltdf-content-center-alignment eltdf-title-image-not-responsive eltdf-title-custom-font-style\" data-height=\"780\" data-background-width=\"\"1920\"\">\n<div class=\"eltdf-title-holder\">\n<div class=\"eltdf-container clearfix\">\n<div class=\"eltdf-container-inner\">\n<div class=\"eltdf-title-subtitle-holder\">\n<div class=\"eltdf-title eltdf-standard-type eltdf-has-background eltdf-content-center-alignment eltdf-title-image-not-responsive eltdf-title-custom-font-style\" data-height=\"780\" data-background-width=\"\"1920\"\">\n<div class=\"eltdf-title-holder\">\n<div class=\"eltdf-container clearfix\">\n<div class=\"eltdf-container-inner\">\n<div class=\"eltdf-title-subtitle-holder\">\n<div class=\"eltdf-title eltdf-standard-type eltdf-has-background eltdf-content-center-alignment eltdf-title-image-not-responsive eltdf-title-custom-font-style\" data-height=\"780\" data-background-width=\"\"1920\"\">\n<div class=\"eltdf-title-holder\">\n<div class=\"eltdf-container clearfix\">\n<div class=\"eltdf-container-inner\">\n<div class=\"eltdf-title-subtitle-holder\">\n<div class=\"eltdf-title eltdf-standard-type eltdf-has-background eltdf-content-center-alignment eltdf-title-image-not-responsive eltdf-title-custom-font-style\" data-height=\"780\" data-background-width=\"\"1920\"\">\n<div class=\"eltdf-title-holder\">\n<div class=\"eltdf-container clearfix\">\n<div class=\"eltdf-container-inner\">\n<div class=\"eltdf-title-subtitle-holder\">\n<div class=\"eltdf-title eltdf-standard-type eltdf-has-background eltdf-content-center-alignment eltdf-title-image-not-responsive eltdf-title-custom-font-style\" data-height=\"780\" data-background-width=\"\"1920\"\">\n<div class=\"eltdf-title-holder\">\n<div class=\"eltdf-container clearfix\">\n<div class=\"eltdf-container-inner\">\n<div class=\"eltdf-title-subtitle-holder\">\n<h4>Contacta con nosotros<\/h4>\n<p>Tel\u00e9fono: <a href=\"tel:20+43205372%%20+43%\">+43 5372 21933-0<\/a><\/p>\n<p>Correo electr\u00f3nico: <a href=\"mailto:info@tourismus-interaktiv.com\">info@tourismus-interaktiv.com<\/a><\/p>\n<\/div>\n<\/div>\n<\/div>\n<\/div>\n<\/div>\n<\/div>\n<\/div>\n<\/div>\n<\/div>\n<\/div>\n<\/div>\n<\/div>\n<\/div>\n<\/div>\n<\/div>\n<\/div>\n<\/div>\n<\/div>\n<\/div>\n<\/div>\n<\/div>\n<\/div>\n<\/div>\n<\/div>\n<\/div>\n<p>\n<\/div><\/div><\/div><\/div><\/div><\/div><\/div><\/div><\/div><\/section><section id=\"bt_bb_section69de608f50c64\"  class=\"bt_bb_section bt_bb_layout_boxed_1600 bt_bb_vertical_align_top bt_bb_top_spacing_normal bt_bb_bottom_spacing_normal\"     data-bt-override-class=\"null\"><div class=\"bt_bb_port\"><div class=\"bt_bb_cell\"><div class=\"bt_bb_cell_inner\"><div class=\"bt_bb_row \"  data-bt-override-class=\"{}\"><div class=\"bt_bb_row_holder\" style=\"; 0\"><div  class=\"bt_bb_column col-xxl-12 col-xl-12 col-xs-12 col-sm-12 col-md-12 col-lg-12 bt_bb_vertical_align_top bt_bb_align_left bt_bb_padding_normal\" style=\"; --column-width:12;\" data-width=\"12\" data-bt-override-class=\"{}\"><div class=\"bt_bb_column_content\"><div class=\"bt_bb_column_content_inner\"><div  class=\"bt_bb_text\" ><\/p>\n<div class=\"eltdf-title eltdf-standard-type eltdf-has-background eltdf-content-center-alignment eltdf-title-image-not-responsive eltdf-title-custom-font-style\" data-height=\"780\" data-background-width=\"\"1920\"\">\n<div class=\"eltdf-title-holder\">\n<div class=\"eltdf-container clearfix\">\n<div class=\"eltdf-container-inner\">\n<div class=\"eltdf-title-subtitle-holder\">\n<h6>Cr\u00e9ditos de im\u00e1genes y medios de comunicaci\u00f3n<\/h6>\n<p>Todo en las p\u00e1ginas<\/p>\n<ul>\n<li><a href=\"http:\/\/www.tourismus-interaktiv.com\" target=\"_blank\" rel=\"noopener noreferrer\">www.tourismus-interaktiv.com<\/a><\/li>\n<li><a href=\"http:\/\/www.tourismus-interaktiv.de\" target=\"_blank\" rel=\"noopener noreferrer\">www.tourismus-interaktiv.de<\/a><\/li>\n<li><a href=\"http:\/\/www.tourism-interactive.com\" target=\"_blank\" rel=\"noopener noreferrer\">www.tourism-interactive.com<\/a><\/li>\n<li><a href=\"http:\/\/www.tourismus.one\" target=\"_blank\" rel=\"noopener noreferrer\">www.tourismus.one<\/a><\/li>\n<li><a href=\"http:\/\/www.tourism.one\" target=\"_blank\" rel=\"noopener noreferrer\">www.tourism.one<\/a><\/li>\n<li><a href=\"https:\/\/infopoints.com\/es\/\">www.infopoints.com<\/a><\/li>\n<li><a href=\"#dd8500\">www.interaktive-gemeinde.com<\/a><\/li>\n<\/ul>\n<p>Las im\u00e1genes, los archivos de v\u00eddeo y los archivos de audio utilizados en este sitio web y en todos los subdominios proceden del cat\u00e1logo de www.pexels.de, www.pixabay.com, han sido creados por la propia Tourismus Interaktiv AG o han sido facilitados por el cliente, el cliente o el socio.<\/p>\n<\/div>\n<\/div>\n<\/div>\n<\/div>\n<\/div>\n<p>\n<\/div><\/div><\/div><\/div><\/div><\/div><\/div><\/div><\/div><\/section><\/p>\n","protected":false},"excerpt":{"rendered":"","protected":false},"author":1,"featured_media":0,"parent":0,"menu_order":0,"comment_status":"closed","ping_status":"closed","template":"","meta":{"om_disable_all_campaigns":false,"_monsterinsights_skip_tracking":false,"_monsterinsights_sitenote_active":false,"_monsterinsights_sitenote_note":"","_monsterinsights_sitenote_category":0,"_uf_show_specific_survey":0,"_uf_disable_surveys":false,"footnotes":""},"class_list":["post-2565","page","type-page","status-publish","hentry"],"aioseo_notices":[],"_links":{"self":[{"href":"https:\/\/infopoints.com\/es\/wp-json\/wp\/v2\/pages\/2565","targetHints":{"allow":["GET"]}}],"collection":[{"href":"https:\/\/infopoints.com\/es\/wp-json\/wp\/v2\/pages"}],"about":[{"href":"https:\/\/infopoints.com\/es\/wp-json\/wp\/v2\/types\/page"}],"author":[{"embeddable":true,"href":"https:\/\/infopoints.com\/es\/wp-json\/wp\/v2\/users\/1"}],"replies":[{"embeddable":true,"href":"https:\/\/infopoints.com\/es\/wp-json\/wp\/v2\/comments?post=2565"}],"version-history":[{"count":2,"href":"https:\/\/infopoints.com\/es\/wp-json\/wp\/v2\/pages\/2565\/revisions"}],"predecessor-version":[{"id":2568,"href":"https:\/\/infopoints.com\/es\/wp-json\/wp\/v2\/pages\/2565\/revisions\/2568"}],"wp:attachment":[{"href":"https:\/\/infopoints.com\/es\/wp-json\/wp\/v2\/media?parent=2565"}],"curies":[{"name":"wp","href":"https:\/\/api.w.org\/{rel}","templated":true}]}}