{"id":2283,"date":"2021-09-06T11:54:26","date_gmt":"2021-09-06T11:54:26","guid":{"rendered":"https:\/\/infopoints.com\/mentions-legales\/"},"modified":"2024-07-10T10:08:54","modified_gmt":"2024-07-10T10:08:54","slug":"mentions-legales","status":"publish","type":"page","link":"https:\/\/infopoints.com\/fr\/mentions-legales\/","title":{"rendered":"Mentions l\u00e9gales"},"content":{"rendered":"<p><section id=\"bt_bb_section69deb8b938160\"  class=\"bt_bb_section bt_bb_layout_wide bt_bb_full_screen bt_bb_vertical_align_top bt_bb_background_image bt_bb_background_overlay_dark_gradient bt_bb_top_spacing_large bt_bb_bottom_spacing_large\" style=\"background-image:url(&#039;https:\/\/infopoints.com\/wp-content\/uploads\/2021\/09\/impressum.jpg&#039;);\"    data-bt-override-class=\"null\"><div class=\"bt_bb_port\"><div class=\"bt_bb_cell\"><div class=\"bt_bb_cell_inner\"><div class=\"bt_bb_row  bt_bb_column_gap_20\" style=\"; --column-gap:20px;\" data-bt-override-class=\"{}\"><div class=\"bt_bb_row_holder\" style=\"; 0\"><div  class=\"bt_bb_column col-xxl-12 col-xl-12 col-xs-12 col-sm-12 col-md-12 col-lg-12 bt_bb_vertical_align_middle bt_bb_align_center bt_bb_padding_normal bt_bb_animation_fade_in zoom_in animate\" style=\"; --column-width:12;\" data-width=\"12\" data-bt-override-class=\"{&quot;bt_bb_align_&quot;:{&quot;current_class&quot;:&quot;bt_bb_align_center&quot;,&quot;def&quot;:&quot;center&quot;,&quot;xl&quot;:&quot;center&quot;}}\"><div class=\"bt_bb_column_content\"><div class=\"bt_bb_column_content_inner\"><div class=\"bt_bb_separator bt_bb_border_style_none bt_bb_top_spacing_medium bt_bb_bottom_spacing_normal\" data-bt-override-class=\"null\"><\/div><header class=\"bt_bb_headline bt_bb_color_scheme_1 bt_bb_dash_top bt_bb_superheadline bt_bb_subheadline bt_bb_size_extralarge bt_bb_align_inherit bt_bb_animation_fade_in zoom_in animate\" style=\"text-shadow: 3px 3px 10px #000000;; --primary-color:#ffffff; --secondary-color:#181818;\" data-bt-override-class=\"{&quot;bt_bb_size_&quot;:{&quot;current_class&quot;:&quot;bt_bb_size_extralarge&quot;,&quot;def&quot;:&quot;extralarge&quot;,&quot;xl&quot;:&quot;extralarge&quot;},&quot;bt_bb_align_&quot;:{&quot;current_class&quot;:&quot;bt_bb_align_inherit&quot;,&quot;def&quot;:&quot;inherit&quot;,&quot;xl&quot;:&quot;inherit&quot;}}\"><h1 class=\"bt_bb_headline_tag\"><span class=\"bt_bb_headline_superheadline\">Tourismus Interaktiv &amp; Tourisme Interactif<\/span><span class=\"bt_bb_headline_content\"><span>Mentions l\u00e9gales<\/span><\/span><\/h1><div class=\"bt_bb_headline_subheadline\">Chez soi dans les montagnes tyroliennes, chez soi dans le monde entier<\/div><\/header><div class=\"bt_bb_separator bt_bb_border_style_none bt_bb_top_spacing_normal bt_bb_bottom_spacing_normal\" data-bt-override-class=\"null\"><\/div><\/div><\/div><\/div><\/div><\/div><\/div><\/div><\/div><\/section><section id=\"bt_bb_section69deb8b93869b\"  class=\"bt_bb_section bt_bb_layout_boxed_1600 bt_bb_vertical_align_top bt_bb_top_spacing_normal bt_bb_bottom_spacing_normal\"     data-bt-override-class=\"null\"><div class=\"bt_bb_port\"><div class=\"bt_bb_cell\"><div class=\"bt_bb_cell_inner\"><div class=\"bt_bb_row \"  data-bt-override-class=\"{}\"><div class=\"bt_bb_row_holder\" style=\"; 0\"><div  class=\"bt_bb_column col-xxl-4 col-xl-4 col-xs-12 col-sm-12 col-md-12 col-lg-4 bt_bb_vertical_align_top bt_bb_align_left bt_bb_padding_normal\" style=\"; --column-width:4;\" data-width=\"4\" data-bt-override-class=\"{}\"><div class=\"bt_bb_column_content\"><div class=\"bt_bb_column_content_inner\"><div  class=\"bt_bb_text\" ><\/p>\n<div class=\"eltdf-title eltdf-standard-type eltdf-has-background eltdf-content-center-alignment eltdf-title-image-not-responsive eltdf-title-custom-font-style\" data-height=\"780\" data-background-width=\"\"1920\"\">\n<div class=\"eltdf-title-holder\">\n<div class=\"eltdf-container clearfix\">\n<div class=\"eltdf-container-inner\">\n<div class=\"eltdf-title-subtitle-holder\">\n<h4 class=\"eltdf-title-text entry-title\">Adresse<\/h4>\n<\/div>\n<\/div>\n<\/div>\n<\/div>\n<\/div>\n<div class=\"eltdf-full-width\">\n<div class=\"eltdf-full-width-inner\">\n<div class=\"eltdf-row-grid-section\">\n<div class=\"vc_row wpb_row vc_row-fluid eltdf-row-type-row\">\n<div class=\"wpb_column vc_column_container vc_col-sm-4\">\n<div class=\"vc_column-inner \">\n<div class=\"wpb_wrapper\">\n<div class=\"wpb_text_column wpb_content_element \">\n<div class=\"wpb_wrapper\">\n<p>Tourismus Interaktiv AG<br \/>\nKaiserbergstrasse 27<br \/>\nA-6330 Kufstein<br \/>\nAUTRICHE<\/p>\n<\/div>\n<\/div>\n<\/div>\n<\/div>\n<\/div>\n<\/div>\n<\/div>\n<\/div>\n<\/div>\n<p>\n<\/div><\/div><\/div><\/div><div  class=\"bt_bb_column col-xxl-4 col-xl-4 col-xs-12 col-sm-12 col-md-12 col-lg-4 bt_bb_vertical_align_top bt_bb_align_left bt_bb_padding_normal\" style=\"; --column-width:4;\" data-width=\"4\" data-bt-override-class=\"{}\"><div class=\"bt_bb_column_content\"><div class=\"bt_bb_column_content_inner\"><div  class=\"bt_bb_text\" ><\/p>\n<div class=\"eltdf-title eltdf-standard-type eltdf-has-background eltdf-content-center-alignment eltdf-title-image-not-responsive eltdf-title-custom-font-style\" data-height=\"780\" data-background-width=\"\"1920\"\">\n<div class=\"eltdf-title-holder\">\n<div class=\"eltdf-container clearfix\">\n<div class=\"eltdf-container-inner\">\n<div class=\"eltdf-title-subtitle-holder\">\n<div class=\"eltdf-title eltdf-standard-type eltdf-has-background eltdf-content-center-alignment eltdf-title-image-not-responsive eltdf-title-custom-font-style\" data-height=\"780\" data-background-width=\"\"1920\"\">\n<div class=\"eltdf-title-holder\">\n<div class=\"eltdf-container clearfix\">\n<div class=\"eltdf-container-inner\">\n<div class=\"eltdf-title-subtitle-holder\">\n<div class=\"eltdf-title eltdf-standard-type eltdf-has-background eltdf-content-center-alignment eltdf-title-image-not-responsive eltdf-title-custom-font-style\" data-height=\"780\" data-background-width=\"\"1920\"\">\n<div class=\"eltdf-title-holder\">\n<div class=\"eltdf-container clearfix\">\n<div class=\"eltdf-container-inner\">\n<div class=\"eltdf-title-subtitle-holder\">\n<h4>G\u00e9n\u00e9ralit\u00e9s<\/h4>\n<p>Directeur g\u00e9n\u00e9ral : Christoph Standl<br \/>\nNum\u00e9ro de registre du commerce : FN 422928d, LG Innsbruck<br \/>\nN\u00b0 de TVA ATU69046347<\/p>\n<p><a class=\"cool-link\" href=\"https:\/\/tourismus-interaktiv.com\/wp-content\/uploads\/2019\/03\/tourismus-interaktiv-agb-2019.pdf\">Conditions g\u00e9n\u00e9rales de vente<\/a><\/p>\n<p>Obligation d&rsquo;information selon ECG et la loi sur les m\u00e9dias :<br \/>\n<a class=\"cool-link\" href=\"https:\/\/firmen.wko.at\/Web\/DetailsKontakt.aspx?FirmaID=053f6ac7-5781-41a6-9cdd-9aa522473a23\">Lien vers la Chambre de commerce autrichienne<\/a><\/p>\n<p>Inscription sur FirmenABC :<br \/>\n<a href=\"https:\/\/www.firmenabc.at\/tourismus-interaktiv-gmbh_KVDG\">Lien vers l&rsquo;entr\u00e9e de TI sur FirmenABC<\/a><\/p>\n<\/div>\n<\/div>\n<\/div>\n<\/div>\n<\/div>\n<\/div>\n<\/div>\n<\/div>\n<\/div>\n<\/div>\n<\/div>\n<\/div>\n<\/div>\n<\/div>\n<\/div>\n<p>\n<\/div><\/div><\/div><\/div><div  class=\"bt_bb_column col-xxl-4 col-xl-4 col-xs-12 col-sm-12 col-md-12 col-lg-4 bt_bb_vertical_align_top bt_bb_align_left bt_bb_padding_normal\" style=\"; --column-width:4;\" data-width=\"4\" data-bt-override-class=\"{}\"><div class=\"bt_bb_column_content\"><div class=\"bt_bb_column_content_inner\"><div  class=\"bt_bb_text\" ><\/p>\n<div class=\"eltdf-title eltdf-standard-type eltdf-has-background eltdf-content-center-alignment eltdf-title-image-not-responsive eltdf-title-custom-font-style\" data-height=\"780\" data-background-width=\"\"1920\"\">\n<div class=\"eltdf-title-holder\">\n<div class=\"eltdf-container clearfix\">\n<div class=\"eltdf-container-inner\">\n<div class=\"eltdf-title-subtitle-holder\">\n<div class=\"eltdf-title eltdf-standard-type eltdf-has-background eltdf-content-center-alignment eltdf-title-image-not-responsive eltdf-title-custom-font-style\" data-height=\"780\" data-background-width=\"\"1920\"\">\n<div class=\"eltdf-title-holder\">\n<div class=\"eltdf-container clearfix\">\n<div class=\"eltdf-container-inner\">\n<div class=\"eltdf-title-subtitle-holder\">\n<div class=\"eltdf-title eltdf-standard-type eltdf-has-background eltdf-content-center-alignment eltdf-title-image-not-responsive eltdf-title-custom-font-style\" data-height=\"780\" data-background-width=\"\"1920\"\">\n<div class=\"eltdf-title-holder\">\n<div class=\"eltdf-container clearfix\">\n<div class=\"eltdf-container-inner\">\n<div class=\"eltdf-title-subtitle-holder\">\n<div class=\"eltdf-title eltdf-standard-type eltdf-has-background eltdf-content-center-alignment eltdf-title-image-not-responsive eltdf-title-custom-font-style\" data-height=\"780\" data-background-width=\"\"1920\"\">\n<div class=\"eltdf-title-holder\">\n<div class=\"eltdf-container clearfix\">\n<div class=\"eltdf-container-inner\">\n<div class=\"eltdf-title-subtitle-holder\">\n<div class=\"eltdf-title eltdf-standard-type eltdf-has-background eltdf-content-center-alignment eltdf-title-image-not-responsive eltdf-title-custom-font-style\" data-height=\"780\" data-background-width=\"\"1920\"\">\n<div class=\"eltdf-title-holder\">\n<div class=\"eltdf-container clearfix\">\n<div class=\"eltdf-container-inner\">\n<div class=\"eltdf-title-subtitle-holder\">\n<h4>Contact<\/h4>\n<p>T\u00e9l\u00e9phone : <a href=\"tel:20+43%20+43%-0\">+43 5372 21933-0<\/a><\/p>\n<p>Courrier \u00e9lectronique : <a href=\"mailto:info@tourismus-interaktiv.com\">info@tourismus-interaktiv.com<\/a><\/p>\n<\/div>\n<\/div>\n<\/div>\n<\/div>\n<\/div>\n<\/div>\n<\/div>\n<\/div>\n<\/div>\n<\/div>\n<\/div>\n<\/div>\n<\/div>\n<\/div>\n<\/div>\n<\/div>\n<\/div>\n<\/div>\n<\/div>\n<\/div>\n<\/div>\n<\/div>\n<\/div>\n<\/div>\n<\/div>\n<p>\n<\/div><\/div><\/div><\/div><\/div><\/div><\/div><\/div><\/div><\/section><section id=\"bt_bb_section69deb8b938e21\"  class=\"bt_bb_section bt_bb_layout_boxed_1600 bt_bb_vertical_align_top bt_bb_top_spacing_normal bt_bb_bottom_spacing_normal\"     data-bt-override-class=\"null\"><div class=\"bt_bb_port\"><div class=\"bt_bb_cell\"><div class=\"bt_bb_cell_inner\"><div class=\"bt_bb_row \"  data-bt-override-class=\"{}\"><div class=\"bt_bb_row_holder\" style=\"; 0\"><div  class=\"bt_bb_column col-xxl-12 col-xl-12 col-xs-12 col-sm-12 col-md-12 col-lg-12 bt_bb_vertical_align_top bt_bb_align_left bt_bb_padding_normal\" style=\"; --column-width:12;\" data-width=\"12\" data-bt-override-class=\"{}\"><div class=\"bt_bb_column_content\"><div class=\"bt_bb_column_content_inner\"><div  class=\"bt_bb_text\" ><\/p>\n<div class=\"eltdf-title eltdf-standard-type eltdf-has-background eltdf-content-center-alignment eltdf-title-image-not-responsive eltdf-title-custom-font-style\" data-height=\"780\" data-background-width=\"\"1920\"\">\n<div class=\"eltdf-title-holder\">\n<div class=\"eltdf-container clearfix\">\n<div class=\"eltdf-container-inner\">\n<div class=\"eltdf-title-subtitle-holder\">\n<h6>Cr\u00e9dits photographiques et m\u00e9dias<\/h6>\n<p>Tous sur les pages<\/p>\n<ul>\n<li><a href=\"http:\/\/www.tourismus-interaktiv.com\" target=\"_blank\" rel=\"noopener noreferrer\">www.tourismus-interaktiv.com<\/a><\/li>\n<li><a href=\"http:\/\/www.tourismus-interaktiv.de\" target=\"_blank\" rel=\"noopener noreferrer\">www.tourismus-interaktiv.de<\/a><\/li>\n<li><a href=\"http:\/\/www.tourism-interactive.com\" target=\"_blank\" rel=\"noopener noreferrer\">www.tourism-interactive.com<\/a><\/li>\n<li><a href=\"http:\/\/www.tourismus.one\" target=\"_blank\" rel=\"noopener noreferrer\">www.tourismus.one<\/a><\/li>\n<li><a href=\"http:\/\/www.tourism.one\" target=\"_blank\" rel=\"noopener noreferrer\">www.tourism.one<\/a><\/li>\n<li><a href=\"https:\/\/infopoints.com\/fr\/\">www.infopoints.com<\/a><\/li>\n<li><a href=\"#dd8500\">www.interaktive-gemeinde.com<\/a><\/li>\n<\/ul>\n<p>et tous les sous-domaines proviennent du catalogue de www.pexels.de, www.pixabay.com, ont \u00e9t\u00e9 cr\u00e9\u00e9s par Tourismus Interaktiv AG ou ont \u00e9t\u00e9 mis \u00e0 disposition par le client ou le partenaire.<\/p>\n<\/div>\n<\/div>\n<\/div>\n<\/div>\n<\/div>\n<p>\n<\/div><\/div><\/div><\/div><\/div><\/div><\/div><\/div><\/div><\/section><\/p>\n","protected":false},"excerpt":{"rendered":"","protected":false},"author":1,"featured_media":0,"parent":0,"menu_order":0,"comment_status":"closed","ping_status":"closed","template":"","meta":{"om_disable_all_campaigns":false,"_monsterinsights_skip_tracking":false,"_monsterinsights_sitenote_active":false,"_monsterinsights_sitenote_note":"","_monsterinsights_sitenote_category":0,"_uf_show_specific_survey":0,"_uf_disable_surveys":false,"footnotes":""},"class_list":["post-2283","page","type-page","status-publish","hentry"],"aioseo_notices":[],"_links":{"self":[{"href":"https:\/\/infopoints.com\/fr\/wp-json\/wp\/v2\/pages\/2283","targetHints":{"allow":["GET"]}}],"collection":[{"href":"https:\/\/infopoints.com\/fr\/wp-json\/wp\/v2\/pages"}],"about":[{"href":"https:\/\/infopoints.com\/fr\/wp-json\/wp\/v2\/types\/page"}],"author":[{"embeddable":true,"href":"https:\/\/infopoints.com\/fr\/wp-json\/wp\/v2\/users\/1"}],"replies":[{"embeddable":true,"href":"https:\/\/infopoints.com\/fr\/wp-json\/wp\/v2\/comments?post=2283"}],"version-history":[{"count":2,"href":"https:\/\/infopoints.com\/fr\/wp-json\/wp\/v2\/pages\/2283\/revisions"}],"predecessor-version":[{"id":2286,"href":"https:\/\/infopoints.com\/fr\/wp-json\/wp\/v2\/pages\/2283\/revisions\/2286"}],"wp:attachment":[{"href":"https:\/\/infopoints.com\/fr\/wp-json\/wp\/v2\/media?parent=2283"}],"curies":[{"name":"wp","href":"https:\/\/api.w.org\/{rel}","templated":true}]}}