{"id":3049,"date":"2025-01-08T08:13:21","date_gmt":"2025-01-08T08:13:21","guid":{"rendered":"https:\/\/infopoints.com\/?page_id=3049"},"modified":"2025-01-08T08:30:20","modified_gmt":"2025-01-08T08:30:20","slug":"virtueller-onlineberater","status":"publish","type":"page","link":"https:\/\/infopoints.com\/nl\/virtueller-onlineberater\/","title":{"rendered":"Virtueller Onlineberater"},"content":{"rendered":"<p><section data-bb-version=\"4.5.6\" id=\"bt_bb_section69dae5e7b5b33\"  class=\"bt_bb_section bt_bb_layout_boxed_1200\"     data-bt-override-class=\"null\"><div class=\"bt_bb_port\"><div class=\"bt_bb_cell\"><div class=\"bt_bb_cell_inner\"><div class=\"bt_bb_row \"  data-bt-override-class=\"{}\"><div class=\"bt_bb_row_holder\" style=\"; 0\"><div data-bb-version=\"4.5.6\"  class=\"bt_bb_column col-xxl-12 col-xl-12 col-xs-12 col-sm-12 col-md-12 col-lg-12 bt_bb_vertical_align_top bt_bb_align_left bt_bb_padding_normal\" style=\"; --column-width:12;\" data-width=\"12\" data-bt-override-class=\"{}\"><div class=\"bt_bb_column_content\"><div class=\"bt_bb_column_content_inner\"><div data-bb-version=\"4.5.6\" class=\"bt_bb_separator bt_bb_border_style_none bt_bb_top_spacing_extra_large bt_bb_bottom_spacing_none\" data-bt-override-class=\"{&quot;bt_bb_top_spacing_&quot;:{&quot;current_class&quot;:&quot;bt_bb_top_spacing_extra_large&quot;,&quot;def&quot;:&quot;extra_large&quot;},&quot;bt_bb_bottom_spacing_&quot;:{&quot;current_class&quot;:&quot;bt_bb_bottom_spacing_none&quot;,&quot;def&quot;:&quot;none&quot;}}\"><\/div><div data-bb-version=\"4.5.6\" class=\"bt_bb_image bt_bb_shape_square bt_bb_target_self bt_bb_align_inherit bt_bb_hover_style_simple bt_bb_content_display_always bt_bb_content_align_middle\" data-bt-override-class=\"{&quot;bt_bb_align_&quot;:{&quot;current_class&quot;:&quot;bt_bb_align_inherit&quot;,&quot;def&quot;:&quot;inherit&quot;}}\"><span><img loading=\"lazy\" decoding=\"async\" width=\"1996\" height=\"1144\" src=\"https:\/\/infopoints.com\/wp-content\/uploads\/2025\/01\/KI-Agent-Infopoints.com_.jpg\" class=\"attachment-full size-full\" alt=\"https:\/\/infopoints.com\/wp-content\/uploads\/2025\/01\/KI-Agent-Infopoints.com_.jpg\" data-full_image_src=\"https:\/\/infopoints.com\/wp-content\/uploads\/2025\/01\/KI-Agent-Infopoints.com_.jpg\" title=\"KI-Agent-Infopoints.com\" srcset=\"https:\/\/infopoints.com\/wp-content\/uploads\/2025\/01\/KI-Agent-Infopoints.com_.jpg 1996w, https:\/\/infopoints.com\/wp-content\/uploads\/2025\/01\/KI-Agent-Infopoints.com_-640x367.jpg 640w, https:\/\/infopoints.com\/wp-content\/uploads\/2025\/01\/KI-Agent-Infopoints.com_-1280x734.jpg 1280w, https:\/\/infopoints.com\/wp-content\/uploads\/2025\/01\/KI-Agent-Infopoints.com_-768x440.jpg 768w, https:\/\/infopoints.com\/wp-content\/uploads\/2025\/01\/KI-Agent-Infopoints.com_-1536x880.jpg 1536w, https:\/\/infopoints.com\/wp-content\/uploads\/2025\/01\/KI-Agent-Infopoints.com_-320x183.jpg 320w\" sizes=\"auto, (max-width: 1996px) 100vw, 1996px\" \/><\/span><\/div><div data-bb-version=\"4.5.6\" class=\"bt_bb_separator bt_bb_border_style_none bt_bb_top_spacing_extra_large bt_bb_bottom_spacing_none\" data-bt-override-class=\"{&quot;bt_bb_top_spacing_&quot;:{&quot;current_class&quot;:&quot;bt_bb_top_spacing_extra_large&quot;,&quot;def&quot;:&quot;extra_large&quot;},&quot;bt_bb_bottom_spacing_&quot;:{&quot;current_class&quot;:&quot;bt_bb_bottom_spacing_none&quot;,&quot;def&quot;:&quot;none&quot;}}\"><\/div><div data-bb-version=\"4.5.6\"  class=\"bt_bb_text\" ><\/p>\n<p><strong>Willkommen bei infopoints.com<\/strong><\/p>\n<p>Entdecke unseren neuen virtuellen Kundenberater \u2013 dein digitaler Assistent f\u00fcr alle Fragen rund um Infopoints.<\/p>\n<p><strong>Was kann unser virtueller Kundenberater f\u00fcr dich tun?<\/strong><\/p>\n<ul>\n<li><strong>Umfassende Beratung<\/strong>: Erhalte detaillierte Informationen zu unseren Infopoint-L\u00f6sungen, ma\u00dfgeschneidert f\u00fcr deine individuellen Bed\u00fcrfnisse.<\/li>\n<li><strong>Preis\u00fcbersicht<\/strong>: Verschaffe dir einen klaren \u00dcberblick \u00fcber unsere transparenten und wettbewerbsf\u00e4higen Preise.<\/li>\n<li><strong>24\/7 Verf\u00fcgbarkeit<\/strong>: Unser virtueller Assistent steht dir jederzeit zur Verf\u00fcgung \u2013 egal, ob Tag oder Nacht.<\/li>\n<li><strong>Schnelle Antworten<\/strong>: Erhalte sofortige Antworten auf deine Fragen, ohne Wartezeiten.<\/li>\n<li><strong>Personalisierte Empfehlungen<\/strong>: Basierend auf deinen Eingaben bietet der Assistent L\u00f6sungen, die perfekt zu dir passen.<\/li>\n<\/ul>\n<p><strong>Teste unseren virtuellen Kundenberater jetzt!<\/strong><\/p>\n<p><strong>Warum infopoints.com?<\/strong><\/p>\n<ul>\n<li><strong>Innovative Technologie<\/strong>: Wir setzen auf die neuesten Webtechnologien und KI-L\u00f6sungen, um dir den bestm\u00f6glichen Service zu bieten.<\/li>\n<li><strong>Benutzerfreundlichkeit<\/strong>: Unsere Plattform ist intuitiv gestaltet, damit du schnell und einfach die gew\u00fcnschten Informationen findest.<\/li>\n<li><strong>Kundenzufriedenheit<\/strong>: Deine Zufriedenheit steht f\u00fcr uns an erster Stelle. Unser virtueller Assistent ist ein weiterer Schritt, um deinen Bed\u00fcrfnissen gerecht zu werden.<\/li>\n<\/ul>\n<p>\n<\/div><div data-bb-version=\"4.5.6\" class=\"bt_bb_separator bt_bb_border_style_none bt_bb_top_spacing_medium bt_bb_bottom_spacing_none\" data-bt-override-class=\"{&quot;bt_bb_top_spacing_&quot;:{&quot;current_class&quot;:&quot;bt_bb_top_spacing_medium&quot;,&quot;def&quot;:&quot;medium&quot;},&quot;bt_bb_bottom_spacing_&quot;:{&quot;current_class&quot;:&quot;bt_bb_bottom_spacing_none&quot;,&quot;def&quot;:&quot;none&quot;}}\"><\/div><\/div><\/div><\/div><\/div><\/div><\/div><\/div><\/div><\/section><section data-bb-version=\"4.5.6\" id=\"bt_bb_section69dae5e7b659e\"  class=\"bt_bb_section bt_bb_layout_boxed_1200\"     data-bt-override-class=\"null\"><div class=\"bt_bb_port\"><div class=\"bt_bb_cell\"><div class=\"bt_bb_cell_inner\"><div class=\"bt_bb_row \"  data-bt-override-class=\"{}\"><div class=\"bt_bb_row_holder\" style=\"; 0\"><div data-bb-version=\"4.5.6\"  class=\"bt_bb_column col-xxl-4 col-xl-4 col-xs-12 col-sm-12 col-md-12 col-lg-4 bt_bb_vertical_align_top bt_bb_align_left bt_bb_padding_normal\" style=\"; --column-width:4;\" data-width=\"4\" data-bt-override-class=\"{}\"><div class=\"bt_bb_column_content\"><div class=\"bt_bb_column_content_inner\"><\/div><\/div><\/div><div data-bb-version=\"4.5.6\"  class=\"bt_bb_column col-xxl-4 col-xl-4 col-xs-12 col-sm-12 col-md-12 col-lg-4 bt_bb_vertical_align_top bt_bb_align_left bt_bb_padding_normal\" style=\"; --column-width:4;\" data-width=\"4\" data-bt-override-class=\"{}\"><div class=\"bt_bb_column_content\"><div class=\"bt_bb_column_content_inner\"><div class=\"bt_bb_raw_content\"><elevenlabs-convai agent-id=\"QVaUNoagCFjP6qgQKMUx\"><\/elevenlabs-convai><script src=\"https:\/\/elevenlabs.io\/convai-widget\/index.js\" async type=\"text\/javascript\"><\/script><\/div><\/div><\/div><\/div><div data-bb-version=\"4.5.6\"  class=\"bt_bb_column col-xxl-4 col-xl-4 col-xs-12 col-sm-12 col-md-12 col-lg-4 bt_bb_vertical_align_top bt_bb_align_left bt_bb_padding_normal\" style=\"; --column-width:4;\" data-width=\"4\" data-bt-override-class=\"{}\"><div class=\"bt_bb_column_content\"><div class=\"bt_bb_column_content_inner\"><\/div><\/div><\/div><\/div><\/div><\/div><\/div><\/div><\/section><\/p>\n","protected":false},"excerpt":{"rendered":"","protected":false},"author":1,"featured_media":0,"parent":0,"menu_order":0,"comment_status":"closed","ping_status":"closed","template":"","meta":{"om_disable_all_campaigns":false,"_monsterinsights_skip_tracking":false,"_monsterinsights_sitenote_active":false,"_monsterinsights_sitenote_note":"","_monsterinsights_sitenote_category":0,"_uf_show_specific_survey":0,"_uf_disable_surveys":false,"footnotes":""},"class_list":["post-3049","page","type-page","status-publish","hentry"],"aioseo_notices":[],"_links":{"self":[{"href":"https:\/\/infopoints.com\/nl\/wp-json\/wp\/v2\/pages\/3049","targetHints":{"allow":["GET"]}}],"collection":[{"href":"https:\/\/infopoints.com\/nl\/wp-json\/wp\/v2\/pages"}],"about":[{"href":"https:\/\/infopoints.com\/nl\/wp-json\/wp\/v2\/types\/page"}],"author":[{"embeddable":true,"href":"https:\/\/infopoints.com\/nl\/wp-json\/wp\/v2\/users\/1"}],"replies":[{"embeddable":true,"href":"https:\/\/infopoints.com\/nl\/wp-json\/wp\/v2\/comments?post=3049"}],"version-history":[{"count":8,"href":"https:\/\/infopoints.com\/nl\/wp-json\/wp\/v2\/pages\/3049\/revisions"}],"predecessor-version":[{"id":3064,"href":"https:\/\/infopoints.com\/nl\/wp-json\/wp\/v2\/pages\/3049\/revisions\/3064"}],"wp:attachment":[{"href":"https:\/\/infopoints.com\/nl\/wp-json\/wp\/v2\/media?parent=3049"}],"curies":[{"name":"wp","href":"https:\/\/api.w.org\/{rel}","templated":true}]}}