{"id":2683,"date":"2023-04-18T06:29:21","date_gmt":"2023-04-18T06:29:21","guid":{"rendered":"https:\/\/infopoints.com\/aplikacje-i-urzadzenia\/"},"modified":"2024-07-15T09:24:28","modified_gmt":"2024-07-15T09:24:28","slug":"aplikacje-i-urzadzenia","status":"publish","type":"page","link":"https:\/\/infopoints.com\/pl\/podrecznik-my-infopoints-com\/aplikacje-i-urzadzenia\/","title":{"rendered":"Aplikacje i urz\u0105dzenia"},"content":{"rendered":"<p><section data-bb-version=\"4.5.5\" id=\"bt_bb_section69e01dae502b5\"  class=\"bt_bb_section bt_bb_layout_boxed_1600 bt_bb_vertical_align_top bt_bb_top_spacing_extra_large bt_bb_bottom_spacing_normal\"     data-bt-override-class=\"{&quot;bt_bb_top_spacing_&quot;:{&quot;current_class&quot;:&quot;bt_bb_top_spacing_extra_large&quot;,&quot;def&quot;:&quot;extra_large&quot;},&quot;bt_bb_bottom_spacing_&quot;:{&quot;current_class&quot;:&quot;bt_bb_bottom_spacing_normal&quot;,&quot;def&quot;:&quot;normal&quot;}}\"><div class=\"bt_bb_port\"><div class=\"bt_bb_cell\"><div class=\"bt_bb_cell_inner\"><div class=\"bt_bb_row \"  data-bt-override-class=\"{}\"><div class=\"bt_bb_row_holder\" style=\"; 0\"><div data-bb-version=\"4.5.5\"  class=\"bt_bb_column col-xxl-12 col-xl-12 col-xs-12 col-sm-12 col-md-12 col-lg-12 bt_bb_vertical_align_top bt_bb_align_center bt_bb_padding_none\" style=\"; --column-width:12;\" data-width=\"12\" data-bt-override-class=\"{&quot;bt_bb_align_&quot;:{&quot;current_class&quot;:&quot;bt_bb_align_center&quot;,&quot;def&quot;:&quot;center&quot;},&quot;bt_bb_padding_&quot;:{&quot;current_class&quot;:&quot;bt_bb_padding_none&quot;,&quot;def&quot;:&quot;none&quot;}}\"><div class=\"bt_bb_column_content\"><div class=\"bt_bb_column_content_inner\"><div data-bb-version=\"4.5.5\" class=\"bt_bb_separator bt_bb_border_style_none bt_bb_top_spacing_normal bt_bb_bottom_spacing_none\" data-bt-override-class=\"{&quot;bt_bb_top_spacing_&quot;:{&quot;current_class&quot;:&quot;bt_bb_top_spacing_normal&quot;,&quot;def&quot;:&quot;normal&quot;},&quot;bt_bb_bottom_spacing_&quot;:{&quot;current_class&quot;:&quot;bt_bb_bottom_spacing_none&quot;,&quot;def&quot;:&quot;none&quot;}}\"><\/div><header data-bb-version=\"4.5.5\" class=\"bt_bb_headline bt_bb_subheadline_text_transform_default bt_bb_dash_none bt_bb_size_inherit bt_bb_align_inherit\" data-bt-override-class=\"{&quot;bt_bb_size_&quot;:{&quot;current_class&quot;:&quot;bt_bb_size_inherit&quot;,&quot;def&quot;:&quot;inherit&quot;},&quot;bt_bb_align_&quot;:{&quot;current_class&quot;:&quot;bt_bb_align_inherit&quot;,&quot;def&quot;:&quot;inherit&quot;}}\"><h3 class=\"bt_bb_headline_tag\"><span class=\"bt_bb_headline_content\"><span>2. aplikacje i urz\u0105dzenia <\/span><\/span><\/h3><\/header><div data-bb-version=\"4.5.5\" class=\"bt_bb_separator bt_bb_border_style_none bt_bb_top_spacing_normal bt_bb_bottom_spacing_none\" data-bt-override-class=\"{&quot;bt_bb_top_spacing_&quot;:{&quot;current_class&quot;:&quot;bt_bb_top_spacing_normal&quot;,&quot;def&quot;:&quot;normal&quot;},&quot;bt_bb_bottom_spacing_&quot;:{&quot;current_class&quot;:&quot;bt_bb_bottom_spacing_none&quot;,&quot;def&quot;:&quot;none&quot;}}\"><\/div><\/div><\/div><\/div><\/div><\/div><\/div><\/div><\/div><\/section><section data-bb-version=\"4.5.5\" id=\"NeueAppEstellen\"  class=\"bt_bb_section bt_bb_layout_boxed_1600 bt_bb_vertical_align_top bt_bb_top_spacing_normal bt_bb_bottom_spacing_medium\"     data-bt-override-class=\"{&quot;bt_bb_top_spacing_&quot;:{&quot;current_class&quot;:&quot;bt_bb_top_spacing_normal&quot;,&quot;def&quot;:&quot;normal&quot;},&quot;bt_bb_bottom_spacing_&quot;:{&quot;current_class&quot;:&quot;bt_bb_bottom_spacing_medium&quot;,&quot;def&quot;:&quot;medium&quot;}}\"><div class=\"bt_bb_port\"><div class=\"bt_bb_cell\"><div class=\"bt_bb_cell_inner\"><div class=\"bt_bb_row \"  data-bt-override-class=\"{}\"><div class=\"bt_bb_row_holder\" style=\"; 0\"><div data-bb-version=\"4.5.5\"  class=\"bt_bb_column col-xxl-3 col-xl-3 col-xs-12 col-sm-12 col-md-12 col-lg-3 bt_bb_vertical_align_top bt_bb_align_left bt_bb_padding_normal\" style=\"; --column-width:3;\" data-width=\"3\" data-bt-override-class=\"{}\"><div class=\"bt_bb_column_content\"><div class=\"bt_bb_column_content_inner\"><div data-bb-version=\"4.5.5\" class=\"bt_bb_separator bt_bb_border_style_none bt_bb_top_spacing_extra_small bt_bb_bottom_spacing_none\" data-bt-override-class=\"{&quot;bt_bb_top_spacing_&quot;:{&quot;current_class&quot;:&quot;bt_bb_top_spacing_extra_small&quot;,&quot;def&quot;:&quot;extra_small&quot;},&quot;bt_bb_bottom_spacing_&quot;:{&quot;current_class&quot;:&quot;bt_bb_bottom_spacing_none&quot;,&quot;def&quot;:&quot;none&quot;}}\"><\/div><div data-bb-version=\"4.5.5\"  class=\"bt_bb_text\" ><\/p>\n<h6><strong>Zawarto\u015b\u0107 tej strony:<\/strong><\/h6>\n<p>\n<\/div><div data-bb-version=\"4.5.5\" class=\"bt_bb_separator bt_bb_border_style_none bt_bb_top_spacing_extra_small bt_bb_bottom_spacing_none\" data-bt-override-class=\"{&quot;bt_bb_top_spacing_&quot;:{&quot;current_class&quot;:&quot;bt_bb_top_spacing_extra_small&quot;,&quot;def&quot;:&quot;extra_small&quot;},&quot;bt_bb_bottom_spacing_&quot;:{&quot;current_class&quot;:&quot;bt_bb_bottom_spacing_none&quot;,&quot;def&quot;:&quot;none&quot;}}\"><\/div><div data-bb-version=\"4.5.5\" class=\"bt_bb_custom_menu bt_bb_direction_vertical\"><div class=\"menu-menuappsgeraete-polnisch-container\"><ul id=\"menu-menuappsgeraete-polnisch\" class=\"menu\"><li id=\"menu-item-2994\" class=\"menu-item menu-item-type-custom menu-item-object-custom menu-item-2994\"><a href=\"#NeueAppEstellen\">2.1 Utw\u00f3rz now\u0105 aplikacj\u0119<\/a><\/li>\n<li id=\"menu-item-2995\" class=\"menu-item menu-item-type-custom menu-item-object-custom menu-item-2995\"><a href=\"#Ger\u00e4tErstellen\">2.2 Utw\u00f3rz urz\u0105dzenie<\/a><\/li>\n<\/ul><\/div><\/div><div data-bb-version=\"4.5.5\" class=\"bt_bb_separator bt_bb_border_style_none bt_bb_top_spacing_normal bt_bb_bottom_spacing_none\" data-bt-override-class=\"{&quot;bt_bb_top_spacing_&quot;:{&quot;current_class&quot;:&quot;bt_bb_top_spacing_normal&quot;,&quot;def&quot;:&quot;normal&quot;},&quot;bt_bb_bottom_spacing_&quot;:{&quot;current_class&quot;:&quot;bt_bb_bottom_spacing_none&quot;,&quot;def&quot;:&quot;none&quot;}}\"><\/div><\/div><\/div><\/div><div data-bb-version=\"4.5.5\"  class=\"bt_bb_column col-xxl-9 col-xl-9 col-xs-12 col-sm-12 col-md-12 col-lg-9 bt_bb_vertical_align_top bt_bb_align_left bt_bb_padding_normal\" style=\"; --column-width:9;\" data-width=\"9\" data-bt-override-class=\"{}\"><div class=\"bt_bb_column_content\"><div class=\"bt_bb_column_content_inner\"><header data-bb-version=\"4.5.5\" class=\"bt_bb_headline bt_bb_subheadline_text_transform_default bt_bb_dash_none bt_bb_size_inherit bt_bb_align_inherit\" data-bt-override-class=\"{&quot;bt_bb_size_&quot;:{&quot;current_class&quot;:&quot;bt_bb_size_inherit&quot;,&quot;def&quot;:&quot;inherit&quot;},&quot;bt_bb_align_&quot;:{&quot;current_class&quot;:&quot;bt_bb_align_inherit&quot;,&quot;def&quot;:&quot;inherit&quot;}}\"><h5 class=\"bt_bb_headline_tag\"><span class=\"bt_bb_headline_content\"><span><strong>2.1 Utw\u00f3rz now\u0105 aplikacj\u0119<\/strong><\/span><\/span><\/h5><\/header><div data-bb-version=\"4.5.5\" class=\"bt_bb_separator bt_bb_border_style_none bt_bb_top_spacing_medium bt_bb_bottom_spacing_none\" data-bt-override-class=\"{&quot;bt_bb_top_spacing_&quot;:{&quot;current_class&quot;:&quot;bt_bb_top_spacing_medium&quot;,&quot;def&quot;:&quot;medium&quot;},&quot;bt_bb_bottom_spacing_&quot;:{&quot;current_class&quot;:&quot;bt_bb_bottom_spacing_none&quot;,&quot;def&quot;:&quot;none&quot;}}\"><\/div><div data-bb-version=\"4.5.5\"  class=\"bt_bb_text\" ><\/p>\n<ul>\n<li>Aby utworzy\u0107 now\u0105 aplikacj\u0119, przejd\u017a do <em><strong>firma<\/strong><\/em><\/li>\n<li>Nast\u0119pnie kliknij kart\u0119 <em><strong>Aplikacje i urz\u0105dzenia<\/strong><\/em><\/li>\n<li>Kliknij na <em><strong>&#8222;Nowa aplikacja&#8221;<\/strong><\/em><\/li>\n<li>Wprowad\u017a <em><strong>nazw\u0119<\/strong><\/em>dla aplikacji<\/li>\n<li>Wybierz kategori\u0119 <em><strong>kategori\u0119, format, system operacyjny<\/strong><\/em> i <em><strong>typ<\/strong><\/em>z<\/li>\n<li>Mo\u017cna u\u017cy\u0107 utworzonej listy odtwarzania <em><strong>lista odtwarzania<\/strong><\/em>w sekcji &#8222;Lista odtwarzania DS dla wygaszacza ekranu&#8221;<\/li>\n<li>Nast\u0119pnie wybierz <em><strong>strona g\u0142\u00f3wna<\/strong><\/em>z<\/li>\n<li>Nast\u0119pnie mo\u017cesz klikn\u0105\u0107 <em><strong>E<\/strong><strong>zestaw<\/strong><\/em>kliknij<\/li>\n<\/ul>\n<p>\n<\/div><div data-bb-version=\"4.5.5\" class=\"bt_bb_separator bt_bb_border_style_none bt_bb_top_spacing_medium bt_bb_bottom_spacing_none\" data-bt-override-class=\"{&quot;bt_bb_top_spacing_&quot;:{&quot;current_class&quot;:&quot;bt_bb_top_spacing_medium&quot;,&quot;def&quot;:&quot;medium&quot;},&quot;bt_bb_bottom_spacing_&quot;:{&quot;current_class&quot;:&quot;bt_bb_bottom_spacing_none&quot;,&quot;def&quot;:&quot;none&quot;}}\"><\/div><div data-bb-version=\"4.5.5\" class=\"bt_bb_slider bt_bb_height_auto bt_bb_animation_slide animate\"><div class=\"slick-slider\"  data-slick='{ \"lazyLoad\": \"progressive\", \"cssEase\": \"ease-out\", \"speed\": \"300\", \"adaptiveHeight\": true, \"prevArrow\": \"\", \"nextArrow\": \"\"}' ><div class=\"bt_bb_slider_item\" data-src-full=\"https:\/\/infopoints.com\/wp-content\/uploads\/2023\/04\/Handbuch-AppErstellen.jpeg\"><img decoding=\"async\" src=\"https:\/\/infopoints.com\/wp-content\/uploads\/2023\/04\/Handbuch-AppErstellen.jpeg\" alt=\"App erstellen\"  title=\"App erstellen\"><\/div><\/div><\/div><\/div><\/div><\/div><\/div><\/div><\/div><\/div><\/div><\/section><section data-bb-version=\"4.5.5\" id=\"Ger\u00e4tErstellen\"  class=\"bt_bb_section bt_bb_layout_boxed_1600 bt_bb_vertical_align_top bt_bb_top_spacing_normal bt_bb_bottom_spacing_medium\"     data-bt-override-class=\"{&quot;bt_bb_top_spacing_&quot;:{&quot;current_class&quot;:&quot;bt_bb_top_spacing_normal&quot;,&quot;def&quot;:&quot;normal&quot;},&quot;bt_bb_bottom_spacing_&quot;:{&quot;current_class&quot;:&quot;bt_bb_bottom_spacing_medium&quot;,&quot;def&quot;:&quot;medium&quot;}}\"><div class=\"bt_bb_port\"><div class=\"bt_bb_cell\"><div class=\"bt_bb_cell_inner\"><div class=\"bt_bb_row \"  data-bt-override-class=\"{}\"><div class=\"bt_bb_row_holder\" style=\"; 0\"><div data-bb-version=\"4.5.5\"  class=\"bt_bb_column col-xxl-3 col-xl-3 col-xs-12 col-sm-12 col-md-12 col-lg-3 bt_bb_vertical_align_top bt_bb_align_left bt_bb_padding_normal\" style=\"; --column-width:3;\" data-width=\"3\" data-bt-override-class=\"{}\"><div class=\"bt_bb_column_content\"><div class=\"bt_bb_column_content_inner\"><div data-bb-version=\"4.5.5\" class=\"bt_bb_separator bt_bb_border_style_none bt_bb_top_spacing_extra_small bt_bb_bottom_spacing_none\" data-bt-override-class=\"{&quot;bt_bb_top_spacing_&quot;:{&quot;current_class&quot;:&quot;bt_bb_top_spacing_extra_small&quot;,&quot;def&quot;:&quot;extra_small&quot;},&quot;bt_bb_bottom_spacing_&quot;:{&quot;current_class&quot;:&quot;bt_bb_bottom_spacing_none&quot;,&quot;def&quot;:&quot;none&quot;}}\"><\/div><div data-bb-version=\"4.5.5\"  class=\"bt_bb_text\" ><\/p>\n<h6><strong>Zawarto\u015b\u0107 tej strony:<\/strong><\/h6>\n<p>\n<\/div><div data-bb-version=\"4.5.5\" class=\"bt_bb_separator bt_bb_border_style_none bt_bb_top_spacing_extra_small bt_bb_bottom_spacing_none\" data-bt-override-class=\"{&quot;bt_bb_top_spacing_&quot;:{&quot;current_class&quot;:&quot;bt_bb_top_spacing_extra_small&quot;,&quot;def&quot;:&quot;extra_small&quot;},&quot;bt_bb_bottom_spacing_&quot;:{&quot;current_class&quot;:&quot;bt_bb_bottom_spacing_none&quot;,&quot;def&quot;:&quot;none&quot;}}\"><\/div><div data-bb-version=\"4.5.5\" class=\"bt_bb_custom_menu bt_bb_direction_vertical\"><div class=\"menu-menuappsgeraete-polnisch-container\"><ul id=\"menu-menuappsgeraete-polnisch-1\" class=\"menu\"><li class=\"menu-item menu-item-type-custom menu-item-object-custom menu-item-2994\"><a href=\"#NeueAppEstellen\">2.1 Utw\u00f3rz now\u0105 aplikacj\u0119<\/a><\/li>\n<li class=\"menu-item menu-item-type-custom menu-item-object-custom menu-item-2995\"><a href=\"#Ger\u00e4tErstellen\">2.2 Utw\u00f3rz urz\u0105dzenie<\/a><\/li>\n<\/ul><\/div><\/div><div data-bb-version=\"4.5.5\" class=\"bt_bb_separator bt_bb_border_style_none bt_bb_top_spacing_normal bt_bb_bottom_spacing_none\" data-bt-override-class=\"{&quot;bt_bb_top_spacing_&quot;:{&quot;current_class&quot;:&quot;bt_bb_top_spacing_normal&quot;,&quot;def&quot;:&quot;normal&quot;},&quot;bt_bb_bottom_spacing_&quot;:{&quot;current_class&quot;:&quot;bt_bb_bottom_spacing_none&quot;,&quot;def&quot;:&quot;none&quot;}}\"><\/div><\/div><\/div><\/div><div data-bb-version=\"4.5.5\"  class=\"bt_bb_column col-xxl-9 col-xl-9 col-xs-12 col-sm-12 col-md-12 col-lg-9 bt_bb_vertical_align_top bt_bb_align_left bt_bb_padding_normal\" style=\"; --column-width:9;\" data-width=\"9\" data-bt-override-class=\"{}\"><div class=\"bt_bb_column_content\"><div class=\"bt_bb_column_content_inner\"><header data-bb-version=\"4.5.5\" class=\"bt_bb_headline bt_bb_subheadline_text_transform_default bt_bb_dash_none bt_bb_size_inherit bt_bb_align_inherit\" data-bt-override-class=\"{&quot;bt_bb_size_&quot;:{&quot;current_class&quot;:&quot;bt_bb_size_inherit&quot;,&quot;def&quot;:&quot;inherit&quot;},&quot;bt_bb_align_&quot;:{&quot;current_class&quot;:&quot;bt_bb_align_inherit&quot;,&quot;def&quot;:&quot;inherit&quot;}}\"><h5 class=\"bt_bb_headline_tag\"><span class=\"bt_bb_headline_content\"><span><strong>2.2 Utw\u00f3rz urz\u0105dzenie<\/strong><\/span><\/span><\/h5><\/header><div data-bb-version=\"4.5.5\" class=\"bt_bb_separator bt_bb_border_style_none bt_bb_top_spacing_medium bt_bb_bottom_spacing_none\" data-bt-override-class=\"{&quot;bt_bb_top_spacing_&quot;:{&quot;current_class&quot;:&quot;bt_bb_top_spacing_medium&quot;,&quot;def&quot;:&quot;medium&quot;},&quot;bt_bb_bottom_spacing_&quot;:{&quot;current_class&quot;:&quot;bt_bb_bottom_spacing_none&quot;,&quot;def&quot;:&quot;none&quot;}}\"><\/div><div data-bb-version=\"4.5.5\"  class=\"bt_bb_text\" ><\/p>\n<ul>\n<li>Aby zam\u00f3wi\u0107 nowe <em><strong>urz\u0105dzenie<\/strong><\/em>utworzy\u0107 nowe urz\u0105dzenie, przej\u015b\u0107 do <em><strong>firma<\/strong><\/em><\/li>\n<li>Nast\u0119pnie kliknij kart\u0119 <em><strong>Aplikacje i urz\u0105dzenia<\/strong><\/em><\/li>\n<li>Kliknij na &#8222;<em><strong>Nowe urz\u0105dzenie&#8221;<\/strong><\/em><\/li>\n<li>Wyszukaj sw\u00f3j <em><strong>model urz\u0105dzenia<\/strong><\/em><\/li>\n<li>Wprowad\u017a utworzon\u0105 aplikacj\u0119 <em><strong>aplikacja<\/strong><\/em>enter<\/li>\n<li>Wprowad\u017a <em><strong>wsp\u00f3\u0142rz\u0119dne<\/strong><\/em> lokalizacji<\/li>\n<li>Wybierz <em><strong>lokalizacja<\/strong><\/em>z<\/li>\n<li>Wprowad\u017a <em><strong>lokalizacja<\/strong><\/em>enter<\/li>\n<li>Je\u015bli chcesz, mo\u017cesz ustawi\u0107 <em><strong>czas trybu nocnego<\/strong><\/em> je\u015bli chcesz. Nast\u0119pnie ekran staje si\u0119 czarny<\/li>\n<li>do <em><strong>&#8222;utworzy\u0107&#8221;<\/strong><\/em> kliknij<\/li>\n<\/ul>\n<p>\n<\/div><div data-bb-version=\"4.5.5\" class=\"bt_bb_separator bt_bb_border_style_none bt_bb_top_spacing_medium bt_bb_bottom_spacing_none\" data-bt-override-class=\"{&quot;bt_bb_top_spacing_&quot;:{&quot;current_class&quot;:&quot;bt_bb_top_spacing_medium&quot;,&quot;def&quot;:&quot;medium&quot;},&quot;bt_bb_bottom_spacing_&quot;:{&quot;current_class&quot;:&quot;bt_bb_bottom_spacing_none&quot;,&quot;def&quot;:&quot;none&quot;}}\"><\/div><div data-bb-version=\"4.5.5\" class=\"bt_bb_slider bt_bb_height_auto bt_bb_animation_slide animate\"><div class=\"slick-slider\"  data-slick='{ \"lazyLoad\": \"progressive\", \"cssEase\": \"ease-out\", \"speed\": \"300\", \"adaptiveHeight\": true, \"prevArrow\": \"\", \"nextArrow\": \"\"}' ><div class=\"bt_bb_slider_item\" data-src-full=\"https:\/\/infopoints.com\/wp-content\/uploads\/2023\/04\/Handbuch-GeraetErstellen.jpeg\"><img decoding=\"async\" src=\"https:\/\/infopoints.com\/wp-content\/uploads\/2023\/04\/Handbuch-GeraetErstellen.jpeg\" alt=\"Ger\u00e4t erstellen\"  title=\"Ger\u00e4t erstellen\"><\/div><\/div><\/div><\/div><\/div><\/div><\/div><\/div><\/div><\/div><\/div><\/section><section id=\"bt_bb_section69e01dae549e1\"  class=\"bt_bb_section bt_bb_color_scheme_5 bt_bb_layout_boxed_1600 bt_bb_vertical_align_top bt_bb_background_overlay_solid_accent bt_bb_top_spacing_normal bt_bb_bottom_spacing_small\" style=\"; --section-primary-color:#181818; --section-secondary-color:#fbbd00;\"    data-bt-override-class=\"null\"><div class=\"bt_bb_port\"><div class=\"bt_bb_cell\"><div class=\"bt_bb_cell_inner\"><div class=\"bt_bb_row \"  data-bt-override-class=\"{}\"><div class=\"bt_bb_row_holder\" style=\"; 0\"><div  class=\"bt_bb_column col-xxl-12 col-xl-12 col-xs-12 col-sm-12 col-md-12 col-lg-12 bt_bb_vertical_align_middle bt_bb_align_center bt_bb_padding_normal bt_bb_animation_fade_in move_up animate\" style=\"; --column-width:12;\" data-width=\"12\" data-bt-override-class=\"{&quot;bt_bb_align_&quot;:{&quot;current_class&quot;:&quot;bt_bb_align_center&quot;,&quot;def&quot;:&quot;center&quot;,&quot;xl&quot;:&quot;center&quot;},&quot;bt_bb_padding_&quot;:{&quot;current_class&quot;:&quot;bt_bb_padding_normal&quot;,&quot;def&quot;:&quot;normal&quot;,&quot;xl&quot;:&quot;normal&quot;}}\"><div class=\"bt_bb_column_content\"><div class=\"bt_bb_column_content_inner\"><header data-bb-version=\"4.5.5\" class=\"bt_bb_headline bt_bb_subheadline_text_transform_default bt_bb_dash_none bt_bb_size_medium bt_bb_align_inherit\" data-bt-override-class=\"{&quot;bt_bb_size_&quot;:{&quot;current_class&quot;:&quot;bt_bb_size_medium&quot;,&quot;def&quot;:&quot;medium&quot;},&quot;bt_bb_align_&quot;:{&quot;current_class&quot;:&quot;bt_bb_align_inherit&quot;,&quot;def&quot;:&quot;inherit&quot;}}\"><h1 class=\"bt_bb_headline_tag\"><span class=\"bt_bb_headline_content\"><span><b>W razie jakichkolwiek pyta\u0144 ch\u0119tnie pomo\u017cemy i doradzimy<\/b><\/span><\/span><\/h1><\/header><div class=\"bt_bb_separator bt_bb_border_style_none bt_bb_top_spacing_normal bt_bb_bottom_spacing_normal\" data-bt-override-class=\"{&quot;bt_bb_top_spacing_&quot;:{&quot;current_class&quot;:&quot;bt_bb_top_spacing_normal&quot;,&quot;def&quot;:&quot;normal&quot;,&quot;xl&quot;:&quot;normal&quot;},&quot;bt_bb_bottom_spacing_&quot;:{&quot;current_class&quot;:&quot;bt_bb_bottom_spacing_normal&quot;,&quot;def&quot;:&quot;normal&quot;,&quot;xl&quot;:&quot;normal&quot;}}\"><\/div><div class=\" bt_bb_row_inner\"   data-bt-override-class=\"{}\"><div class=\"bt_bb_row_inner_holder\" style=\"; 0\" ><div  class=\"bt_bb_column_inner col-xxl-4 col-xl-4 col-xs-12 col-sm-12 col-md-12 col-lg-4 bt_bb_vertical_align_top bt_bb_align_center bt_bb_padding_normal bt_bb_animation_fade_in animate\"  data-width=\"4\" data-bt-override-class=\"{&quot;bt_bb_align_&quot;:{&quot;current_class&quot;:&quot;bt_bb_align_center&quot;,&quot;def&quot;:&quot;center&quot;,&quot;xl&quot;:&quot;center&quot;}}\"><div class=\"bt_bb_column_inner_content\"><div class=\"bt_bb_column_inner_content_inner\"><div class=\"bt_bb_separator bt_bb_border_style_none bt_bb_top_spacing_small\" data-bt-override-class=\"null\"><\/div><div class=\"bt_bb_icon bt_bb_color_scheme_2 bt_bb_style_outline bt_bb_size_large bt_bb_shape_circle bt_bb_align_inherit\" style=\"; --icon-primary-color:#181818; --icon-secondary-color:#ffffff;\" data-bt-override-class=\"null\"><span  data-ico-essential=\"&#xea06;\" class=\"bt_bb_icon_holder\"><\/span><\/div><div class=\"bt_bb_separator bt_bb_border_style_none bt_bb_top_spacing_small\" data-bt-override-class=\"null\"><\/div><header class=\"bt_bb_headline bt_bb_font_weight_bold bt_bb_dash_none bt_bb_size_inherit bt_bb_align_inherit\" data-bt-override-class=\"{&quot;bt_bb_size_&quot;:{&quot;current_class&quot;:&quot;bt_bb_size_inherit&quot;,&quot;def&quot;:&quot;inherit&quot;,&quot;xl&quot;:&quot;inherit&quot;},&quot;bt_bb_align_&quot;:{&quot;current_class&quot;:&quot;bt_bb_align_inherit&quot;,&quot;def&quot;:&quot;inherit&quot;,&quot;xl&quot;:&quot;inherit&quot;}}\"><h6 class=\"bt_bb_headline_tag\"><span class=\"bt_bb_headline_content\"><span>Adres <\/span><\/span><\/h6><\/header><div class=\"bt_bb_separator bt_bb_border_style_none bt_bb_top_spacing_small bt_bb_bottom_spacing_none\" data-bt-override-class=\"{&quot;bt_bb_top_spacing_&quot;:{&quot;current_class&quot;:&quot;bt_bb_top_spacing_small&quot;,&quot;def&quot;:&quot;small&quot;,&quot;xl&quot;:&quot;small&quot;},&quot;bt_bb_bottom_spacing_&quot;:{&quot;current_class&quot;:&quot;bt_bb_bottom_spacing_none&quot;,&quot;def&quot;:&quot;none&quot;,&quot;xl&quot;:&quot;none&quot;}}\"><\/div><div  class=\"bt_bb_text\" ><\/p>\n<p>Tourismus Interaktiv AG<br \/>\nKaiserbergstrasse 27<br \/>\nA-6330 Kufstein<\/p>\n<p>\n<\/div><div class=\"bt_bb_separator bt_bb_border_style_none bt_bb_top_spacing_medium\" data-bt-override-class=\"null\"><\/div><\/div><\/div><\/div><div  class=\"bt_bb_column_inner col-xxl-4 col-xl-4 col-xs-12 col-sm-12 col-md-12 col-lg-4 bt_bb_vertical_align_top bt_bb_align_center bt_bb_padding_normal bt_bb_animation_fade_in animate\"  data-width=\"4\" data-bt-override-class=\"{&quot;bt_bb_align_&quot;:{&quot;current_class&quot;:&quot;bt_bb_align_center&quot;,&quot;def&quot;:&quot;center&quot;,&quot;xl&quot;:&quot;center&quot;}}\"><div class=\"bt_bb_column_inner_content\"><div class=\"bt_bb_column_inner_content_inner\"><div class=\"bt_bb_separator bt_bb_border_style_none bt_bb_top_spacing_small\" data-bt-override-class=\"null\"><\/div><div class=\"bt_bb_icon bt_bb_color_scheme_2 bt_bb_style_outline bt_bb_size_large bt_bb_shape_circle bt_bb_align_inherit\" style=\"; --icon-primary-color:#181818; --icon-secondary-color:#ffffff;\" data-bt-override-class=\"null\"><span  data-ico-essential=\"&#xea22;\" class=\"bt_bb_icon_holder\"><\/span><\/div><div class=\"bt_bb_separator bt_bb_border_style_none bt_bb_top_spacing_small\" data-bt-override-class=\"null\"><\/div><header class=\"bt_bb_headline bt_bb_font_weight_bold bt_bb_dash_none bt_bb_size_inherit bt_bb_align_inherit\" data-bt-override-class=\"{&quot;bt_bb_size_&quot;:{&quot;current_class&quot;:&quot;bt_bb_size_inherit&quot;,&quot;def&quot;:&quot;inherit&quot;,&quot;xl&quot;:&quot;inherit&quot;},&quot;bt_bb_align_&quot;:{&quot;current_class&quot;:&quot;bt_bb_align_inherit&quot;,&quot;def&quot;:&quot;inherit&quot;,&quot;xl&quot;:&quot;inherit&quot;}}\"><h6 class=\"bt_bb_headline_tag\"><span class=\"bt_bb_headline_content\"><span>Telefon<\/span><\/span><\/h6><\/header><div class=\"bt_bb_separator bt_bb_border_style_none bt_bb_top_spacing_small bt_bb_bottom_spacing_none\" data-bt-override-class=\"{&quot;bt_bb_top_spacing_&quot;:{&quot;current_class&quot;:&quot;bt_bb_top_spacing_small&quot;,&quot;def&quot;:&quot;small&quot;,&quot;xl&quot;:&quot;small&quot;},&quot;bt_bb_bottom_spacing_&quot;:{&quot;current_class&quot;:&quot;bt_bb_bottom_spacing_none&quot;,&quot;def&quot;:&quot;none&quot;,&quot;xl&quot;:&quot;none&quot;}}\"><\/div><div  class=\"bt_bb_text\" ><\/p>\n<p><span style=\"color: #000000;\">Sprzeda\u017c: <a style=\"color: #000000;\" href=\"tel:+4353722193320\">+43 5372 21933-20<\/a><\/span><br \/>\n<span style=\"color: #000000;\">Helpdesk: <a style=\"color: #000000;\" href=\"tel:+4353722193399\">+43 5372 21933-99 <\/a> <\/span><\/p>\n<p>\n<\/div><div class=\"bt_bb_separator bt_bb_border_style_none bt_bb_top_spacing_medium\" data-bt-override-class=\"null\"><\/div><\/div><\/div><\/div><div  class=\"bt_bb_column_inner col-xxl-4 col-xl-4 col-xs-12 col-sm-12 col-md-12 col-lg-4 bt_bb_vertical_align_top bt_bb_align_center bt_bb_padding_normal bt_bb_animation_fade_in animate\"  data-width=\"4\" data-bt-override-class=\"{&quot;bt_bb_align_&quot;:{&quot;current_class&quot;:&quot;bt_bb_align_center&quot;,&quot;def&quot;:&quot;center&quot;,&quot;xl&quot;:&quot;center&quot;}}\"><div class=\"bt_bb_column_inner_content\"><div class=\"bt_bb_column_inner_content_inner\"><div class=\"bt_bb_separator bt_bb_border_style_none bt_bb_top_spacing_small\" data-bt-override-class=\"null\"><\/div><div class=\"bt_bb_icon bt_bb_color_scheme_2 bt_bb_style_outline bt_bb_size_large bt_bb_shape_circle bt_bb_align_inherit\" style=\"; --icon-primary-color:#181818; --icon-secondary-color:#ffffff;\" data-bt-override-class=\"null\"><span  data-ico-essential=\"&#xe9e3;\" class=\"bt_bb_icon_holder\"><\/span><\/div><div class=\"bt_bb_separator bt_bb_border_style_none bt_bb_top_spacing_small\" data-bt-override-class=\"null\"><\/div><header class=\"bt_bb_headline bt_bb_font_weight_bold bt_bb_dash_none bt_bb_size_inherit bt_bb_align_inherit\" data-bt-override-class=\"{&quot;bt_bb_size_&quot;:{&quot;current_class&quot;:&quot;bt_bb_size_inherit&quot;,&quot;def&quot;:&quot;inherit&quot;,&quot;xl&quot;:&quot;inherit&quot;},&quot;bt_bb_align_&quot;:{&quot;current_class&quot;:&quot;bt_bb_align_inherit&quot;,&quot;def&quot;:&quot;inherit&quot;,&quot;xl&quot;:&quot;inherit&quot;}}\"><h6 class=\"bt_bb_headline_tag\"><span class=\"bt_bb_headline_content\"><span>e-mail<\/span><\/span><\/h6><\/header><div class=\"bt_bb_separator bt_bb_border_style_none bt_bb_top_spacing_small bt_bb_bottom_spacing_none\" data-bt-override-class=\"{&quot;bt_bb_top_spacing_&quot;:{&quot;current_class&quot;:&quot;bt_bb_top_spacing_small&quot;,&quot;def&quot;:&quot;small&quot;,&quot;xl&quot;:&quot;small&quot;},&quot;bt_bb_bottom_spacing_&quot;:{&quot;current_class&quot;:&quot;bt_bb_bottom_spacing_none&quot;,&quot;def&quot;:&quot;none&quot;,&quot;xl&quot;:&quot;none&quot;}}\"><\/div><div  class=\"bt_bb_text\" ><\/p>\n<p><span style=\"color: #000000;\"><a style=\"color: #000000;\" href=\"mailto:sales@tourismus-interaktiv.com\">sales@tourismus-interaktiv.com<\/a><\/span><br \/>\n<span style=\"color: #000000;\"><a style=\"color: #000000;\" href=\"mailto:info@tourismus-interaktiv.com\">info@tourismus-interaktiv.com<\/a><\/span><\/p>\n<p>\n<\/div><div class=\"bt_bb_separator bt_bb_border_style_none bt_bb_top_spacing_medium\" data-bt-override-class=\"null\"><\/div><\/div><\/div><\/div><\/div><\/div><\/div><\/div><\/div><\/div><\/div><\/div><\/div><\/div><\/section><\/p>\n","protected":false},"excerpt":{"rendered":"","protected":false},"author":2,"featured_media":0,"parent":2700,"menu_order":0,"comment_status":"closed","ping_status":"closed","template":"","meta":{"om_disable_all_campaigns":false,"_monsterinsights_skip_tracking":false,"_monsterinsights_sitenote_active":false,"_monsterinsights_sitenote_note":"","_monsterinsights_sitenote_category":0,"_uf_show_specific_survey":0,"_uf_disable_surveys":false,"footnotes":""},"class_list":["post-2683","page","type-page","status-publish","hentry"],"aioseo_notices":[],"_links":{"self":[{"href":"https:\/\/infopoints.com\/pl\/wp-json\/wp\/v2\/pages\/2683","targetHints":{"allow":["GET"]}}],"collection":[{"href":"https:\/\/infopoints.com\/pl\/wp-json\/wp\/v2\/pages"}],"about":[{"href":"https:\/\/infopoints.com\/pl\/wp-json\/wp\/v2\/types\/page"}],"author":[{"embeddable":true,"href":"https:\/\/infopoints.com\/pl\/wp-json\/wp\/v2\/users\/2"}],"replies":[{"embeddable":true,"href":"https:\/\/infopoints.com\/pl\/wp-json\/wp\/v2\/comments?post=2683"}],"version-history":[{"count":5,"href":"https:\/\/infopoints.com\/pl\/wp-json\/wp\/v2\/pages\/2683\/revisions"}],"predecessor-version":[{"id":2696,"href":"https:\/\/infopoints.com\/pl\/wp-json\/wp\/v2\/pages\/2683\/revisions\/2696"}],"up":[{"embeddable":true,"href":"https:\/\/infopoints.com\/pl\/wp-json\/wp\/v2\/pages\/2700"}],"wp:attachment":[{"href":"https:\/\/infopoints.com\/pl\/wp-json\/wp\/v2\/media?parent=2683"}],"curies":[{"name":"wp","href":"https:\/\/api.w.org\/{rel}","templated":true}]}}